{"id":175,"date":"2020-07-12T16:32:16","date_gmt":"2020-07-12T16:32:16","guid":{"rendered":"https:\/\/nanthai.de\/?page_id=175"},"modified":"2020-07-12T18:01:06","modified_gmt":"2020-07-12T18:01:06","slug":"die-grundlegenden-schritte-einer-gesichtsbehandlung","status":"publish","type":"page","link":"https:\/\/nanthai.de\/?page_id=175","title":{"rendered":"Die grundlegenden Schritte einer Gesichtsbehandlung"},"content":{"rendered":"\n<p>Menschen bekommen aus verschiedenen Gr\u00fcnden Gesichtsbehandlungen: W\u00e4hrend einige Menschen diese schrecklichen Mitesser entfernen wollen, wollen andere Hilfe bei einer Anti-Aging-Kur. Und dann gibt es die Leute, die einfach nur entspannen und sich verw\u00f6hnen lassen wollen.<\/p>\n\n\n\n<p>Dies sind alles gute Gr\u00fcnde, um Gesichtsbehandlungen zu bekommen. Aber oft ist die Gesichtsbehandlung selbst etwas mysteri\u00f6s. Was macht der Dampf? Warum setzen sie immer wieder Cremes auf und nehmen sie ab? Warum regelm\u00e4\u00dfig Gesichtsbehandlungen bekommen?<\/p>\n\n\n\n<p>Eine Gesichtsbehandlung ist im Wesentlichen eine mehrstufige Hautbehandlung, die eine der besten M\u00f6glichkeiten ist, Ihre Haut zu pflegen. Eine Gesichtsbehandlung reinigt, peelt und pflegt die Haut, f\u00f6rdert einen klaren, gut hydratisierten Teint und kann dazu beitragen, dass Ihre Haut j\u00fcnger aussieht. <\/p>\n\n\n\n<p>Sie erhalten auch Ratschl\u00e4ge, wie Sie Ihre Haut am besten pflegen k\u00f6nnen. Eine Gesichtsbehandlung funktioniert am besten, wenn sie Teil eines laufenden Hautpflegeprogramms ist.<\/p>\n\n\n\n<p>Eine Gesichtsbehandlung ist nach einer Massage die zweitbeliebteste Spa-Behandlung.<\/p>\n\n\n\n<p>Beratung<\/p>\n\n\n\n<p>Gesichtsbehandlung sollte mit einer Beratung beginnen. Sie k\u00f6nnen ein Formular mit Fragen zu Ihren Hautproblemen, Ihrer Ern\u00e4hrung, wie viel Wasser Sie trinken, welche Medikamente und Nahrungserg\u00e4nzungsmittel Sie einnehmen und welche Produkte Sie derzeit verwenden, ausf\u00fcllen. Retin-A und andere Medikamente k\u00f6nnen Ihre Haut beeinflussen und welche Art von Behandlungen der Kosmetiker empfiehlt. In der Regel fragt der Kosmetiker einfach nach Ihren Hautproblemen und ob Sie Retin-A verwenden.<\/p>\n\n\n\n<p>Vorbereitungen<\/p>\n\n\n\n<p>Normalerweise bietet die Kosmetikerin einen Wickel an, der um Ihren K\u00f6rper und unter Ihren Armen verl\u00e4uft und sich dann mit einem Klettverschluss schlie\u00dft. Sie verl\u00e4sst den Raum, damit Sie ihn privat anziehen k\u00f6nnen. Einige Leute ziehen sich alle Kleider aus, bevor sie den Wickel anziehen, andere lassen ihre Hosen an und andere lassen sogar ihren BH an und legen die Tr\u00e4ger unter ihre Arme. In einigen Spas sind Sie eingeladen, einige oder alle Ihrer Kleider auszuziehen und zwischen die Laken zu gelangen. Der Kosmetiker teilt Ihnen das Protokoll mit, in dem Sie sich befinden.<\/p>\n\n\n\n<p>Reinigung<\/p>\n\n\n\n<p>Normalerweise beginnt die Kosmetikerin damit, Ihr Haar mit einem Handtuch oder Stirnband zu umwickeln, um Produkte davon fernzuhalten. Der erste Schritt ist eine gr\u00fcndliche Reinigung mit Wattepads, Kosmetikt\u00fcchern oder Schw\u00e4mmen. Die meisten professionellen Gesichtsbehandlungen f\u00fchren eine doppelte Reinigung durch.<\/p>\n\n\n\n<p>Hautanalyse und Reinigung<\/p>\n\n\n\n<p>Je nachdem, ob Sie Make-up tragen, kann der Kosmetiker Ihre Haut zuerst unter einer hellen Lampe betrachten oder Ihre Augen bedecken und Ihre Haut durch eine hell beleuchtete Lupenlampe betrachten. Sie bestimmt Ihren grundlegenden Hauttyp (trocken, fettig, Mischhaut, empfindlich oder normal) und Hautzust\u00e4nde (Akne, Mitesser, Whiteheads, Alterung, Sonnensch\u00e4den, Dehydration usw.). Der Kosmetiker w\u00e4hlt dann die geeigneten Produkte und Behandlungen aus und ber\u00e4t sich mit Ihnen dar\u00fcber, was er oder sie sieht und empfiehlt.<\/p>\n\n\n\n<p>Dampf<\/p>\n\n\n\n<p>Die meisten Gesichtsbehandlungen verwenden eine Maschine, die einen d\u00fcnnen Dampf von warmem Dampf auf Ihr Gesicht leitet. Dies ist entspannend und mildert alle Mitesser und Whiteheads, die extrahiert werden sollen. Wenn Sie sehr empfindliche Haut haben, darf der Kosmetiker keinen Dampf verwenden.<\/p>\n\n\n\n<p>Peeling<\/p>\n\n\n\n<p>Beim Peeling der Haut werden mechanische oder chemische Substanzen verwendet. Mechanische Peelings haben eine grobk\u00f6rnige Textur, die die abgestorbenen Hautzellen der Oberfl\u00e4che abreibt. Diese Art von Peeling findet normalerweise w\u00e4hrend des Dampfes statt. Beim chemischen Peeling werden Enzyme und S\u00e4uren verwendet, um die Bindung zwischen den Hautzellen zu l\u00f6sen. W\u00e4hrend des Dampfes kann eine sanfte Enzymbehandlung durchgef\u00fchrt werden. St\u00e4rkere chemische Peelings, deren Intensit\u00e4t variiert, k\u00f6nnen eine eigenst\u00e4ndige Behandlung oder ein Teil der Gesichtsbehandlung sein. Es ist im Allgemeinen kein &#8222;Upgrade&#8220; und wird in einer Reihe durchgef\u00fchrt.<\/p>\n\n\n\n<p>Extraktionen<\/p>\n\n\n\n<p>Dies ist das Entfernen von Mitessern oder Whiteheads, wenn Sie es wollen und brauchen. Menschen haben unterschiedliche Schmerztoleranz f\u00fcr Extraktionen. Sie k\u00f6nnen unangenehm sein, insbesondere auf d\u00fcnner oder r\u00f6tlicher Haut. Extraktionen k\u00f6nnen bei unsachgem\u00e4\u00dfer Durchf\u00fchrung zu Kapillarbr\u00fcchen und Verf\u00e4rbungen f\u00fchren.<br>Gesichtsmassage mit klassischen Strichen wie Effleurage, um Sie zu entspannen und Ihre Haut- und Gesichtsmuskeln zu stimulieren.<\/p>\n\n\n\n<p>Gesichtsmaske<\/p>\n\n\n\n<p>Eine Maske richtet sich nach Ihrem Hauttyp (trocken, fettig, kombiniert, empfindlich, reif) und Ihrem Zustand. W\u00e4hrend der Gesichtsbehandlung sollte der Kosmetiker im Zimmer bleiben und Ihnen eine Kopfhautmassage oder einen anderen Service geben. Wenn sie den Raum verlassen, damit Sie sich &#8222;entspannen&#8220; k\u00f6nnen, gehen Sie nicht zur\u00fcck.<\/p>\n\n\n\n<p>Endg\u00fcltige Bewerbung<\/p>\n\n\n\n<p>Eine Anwendung von Toner, Seren, Feuchtigkeitscreme und Sonnenschutzmittel, wenn es tags\u00fcber gegeben ist.<\/p>\n\n\n\n<p>Beratung zur h\u00e4uslichen Hautpflege<\/p>\n\n\n\n<p>Die Kosmetikerin wird Ihnen sagen, wie sie glaubt, dass Sie Ihre Haut besser pflegen und Produkte empfehlen k\u00f6nnen. Einige f\u00fchlen sich mit diesem Schritt unwohl, weil er Produktempfehlungen beinhaltet, aber er ist Teil der Arbeit des Kosmetikers.<\/p>\n","protected":false},"excerpt":{"rendered":"<p>Menschen bekommen aus verschiedenen Gr\u00fcnden Gesichtsbehandlungen: W\u00e4hrend einige Menschen diese schrecklichen Mitesser entfernen wollen, wollen andere Hilfe bei einer Anti-Aging-Kur. Und dann gibt es die Leute, die einfach nur entspannen und sich verw\u00f6hnen lassen wollen. Dies sind alles gute Gr\u00fcnde, um Gesichtsbehandlungen zu bekommen. Aber oft ist die Gesichtsbehandlung selbst etwas mysteri\u00f6s. Was macht der &hellip; <\/p>\n<p class=\"link-more\"><a href=\"https:\/\/nanthai.de\/?page_id=175\" class=\"more-link\"><span class=\"screen-reader-text\">\u201eDie grundlegenden Schritte einer Gesichtsbehandlung\u201c<\/span> weiterlesen<\/a><\/p>\n","protected":false},"author":1,"featured_media":0,"parent":2,"menu_order":2,"comment_status":"closed","ping_status":"closed","template":"","meta":{"footnotes":""},"_links":{"self":[{"href":"https:\/\/nanthai.de\/index.php?rest_route=\/wp\/v2\/pages\/175"}],"collection":[{"href":"https:\/\/nanthai.de\/index.php?rest_route=\/wp\/v2\/pages"}],"about":[{"href":"https:\/\/nanthai.de\/index.php?rest_route=\/wp\/v2\/types\/page"}],"author":[{"embeddable":true,"href":"https:\/\/nanthai.de\/index.php?rest_route=\/wp\/v2\/users\/1"}],"replies":[{"embeddable":true,"href":"https:\/\/nanthai.de\/index.php?rest_route=%2Fwp%2Fv2%2Fcomments&post=175"}],"version-history":[{"count":4,"href":"https:\/\/nanthai.de\/index.php?rest_route=\/wp\/v2\/pages\/175\/revisions"}],"predecessor-version":[{"id":180,"href":"https:\/\/nanthai.de\/index.php?rest_route=\/wp\/v2\/pages\/175\/revisions\/180"}],"up":[{"embeddable":true,"href":"https:\/\/nanthai.de\/index.php?rest_route=\/wp\/v2\/pages\/2"}],"wp:attachment":[{"href":"https:\/\/nanthai.de\/index.php?rest_route=%2Fwp%2Fv2%2Fmedia&parent=175"}],"curies":[{"name":"wp","href":"https:\/\/api.w.org\/{rel}","templated":true}]}}