{"id":10,"date":"2020-07-05T16:41:01","date_gmt":"2020-07-05T16:41:01","guid":{"rendered":"https:\/\/nanthai.de\/?page_id=10"},"modified":"2020-07-12T18:09:09","modified_gmt":"2020-07-12T18:09:09","slug":"ueber-uns","status":"publish","type":"page","link":"https:\/\/nanthai.de\/?page_id=10","title":{"rendered":"Rechtliche Hinweise:"},"content":{"rendered":"\n<p>Wir bem\u00fchen uns darum, dass die auf unserer Website enthaltenen Informationen und Daten zutreffend sind. Wir \u00fcbernehmen jedoch keinerlei Gew\u00e4hr f\u00fcr die Aktualit\u00e4t, Korrektheit, Vollst\u00e4ndigkeit oder Qualit\u00e4t der bereitgestellten Informationen.\u00a0 Alle Angebote sind freibleibend und unverbindlich. Wir behalten uns vor, ohne Ank\u00fcndigung \u00c4nderungen oder Erg\u00e4nzungen der bereitgestellten Informationen oder Daten vorzunehmen.<br><br>Die auf der\u00a0 Website zur Verf\u00fcgung gestellten Informationen und Daten bieten\u00a0 einen \u00dcberblick \u00fcber das von uns angebotene Produktspektrum,\u00a0 ohne dass sich der Nutzer auf Aktualit\u00e4t, Richtigkeit oder Vollst\u00e4ndigkeit der Informationen oder Daten berufen oder verlassen kann. Haftungsanspr\u00fcche gegen uns, die durch die Nutzung oder Nichtnutzung der dargebotenen Informationen bzw. durch die Nutzung fehlerhafter und unvollst\u00e4ndiger Informationen verursacht wurden sind grunds\u00e4tzlich ausgeschlossen.<br><br>Die redaktionelle Verantwortung f\u00fcr fremde Inhalte liegt beim jeweiligen Anbieter. Es besteht zudem Haftungsausschluss f\u00fcr Inhalte Dritter, die \u00fcber Links in diesem Internetangebot erreicht werden k\u00f6nnen. Wir erkl\u00e4ren ausdr\u00fccklich, dass wir keinerlei Einfluss auf die Gestaltung und die Inhalte der angelinkten Seiten haben. Deshalb distanzieren wir uns hiermit ausdr\u00fccklich von allen Inhalten jeder angelinkten Seite und machen uns deren Inhalte nicht zu Eigen. Diese Erkl\u00e4rung gilt f\u00fcr alle angezeigten externen Links und f\u00fcr alle Inhalte fremder Seiten, zu denen sichtbare Banner, Buttons und sonstige Verweise f\u00fchren. Trotz sorgf\u00e4ltiger Recherchen kann es vorkommen, dass ein World Wide Web-Dienst oder eine Seite unzutreffende Daten oder Links enth\u00e4lt. F\u00fcr die Aktualit\u00e4t und Richtigkeit aller Angaben wird deshalb keine Gew\u00e4hr und keine Haftung \u00fcbernommen.<br><br>Der Inhalt unserer der Website ist urheberrechtlich gesch\u00fctzt. Die Vervielf\u00e4ltigung von Informationen oder Daten, insbesondere die Verwendung von Texten, Textteilen oder Bildmaterial bedarf unserer vorherigen Zustimmung.<br><br>S\u00e4mtliche Informationen oder Daten, ihre Nutzung und die Anmeldung zu unserer Website sowie s\u00e4mtliches mit der Website zusammenh\u00e4ngendes Tun, Dulden oder Unterlassen unterliegt ausschlie\u00dflich deutschem Recht. Erf\u00fcllungsort und ausschlie\u00dflicher Gerichtsstand ist Marl\/Recklinghausen.<\/p>\n\n\n\n<h2 class=\"wp-block-heading\">Datenschutz<\/h2>\n\n\n\n<p><br>Sofern innerhalb des Internetangebotes die M\u00f6glichkeit zur Eingabe pers\u00f6nlicher oder gesch\u00e4ftlicher Daten (Emailadressen, Namen, Anschriften) besteht, so erfolgt die Preisgabe dieser Daten seitens des Nutzers auf ausdr\u00fccklich freiwilliger Basis. Wir weisen darauf hin, dass personenbezogene Daten ausschlie\u00dflich nur nach den geltenden datenschutzrechtlicher Bestimmungen verarbeitet und genutzt werden. Ein Verkauf von Adressen an Dritte findet nicht statt. Die \u00dcbermittlung von unverschl\u00fcsselten Informationen im Internet ist nicht\u00a0 v\u00f6llig sicher. Es kann daher nicht ausgeschlossen werden, dass Dritte die \u00fcbermittelten Daten abfangen oder ver\u00e4ndern. Von daher sollten f\u00fcr Informationen und Daten, die besondere Vertraulichkeit erfordern, nur auf sicheren Kommunikationswegen \u00fcbermittelt werden.<\/p>\n\n\n\n<h2 class=\"wp-block-heading\">Rechtswirksamkeit dieses Haftungsausschlusses<\/h2>\n\n\n\n<p><br>Dieser Haftungsausschluss ist als Teil des Internetangebotes zu betrachten, von dem aus auf diese Seite verwiesen wurde. Sofern Teile oder einzelne Formulierungen dieses Textes der geltenden Rechtslage nicht, nicht mehr oder nicht vollst\u00e4ndig entsprechen sollten, bleiben die \u00fcbrigen Teile des Dokumentes in ihrem Inhalt und ihrer G\u00fcltigkeit davon unber\u00fchrt.<br><\/p>\n","protected":false},"excerpt":{"rendered":"<p>Wir bem\u00fchen uns darum, dass die auf unserer Website enthaltenen Informationen und Daten zutreffend sind. Wir \u00fcbernehmen jedoch keinerlei Gew\u00e4hr f\u00fcr die Aktualit\u00e4t, Korrektheit, Vollst\u00e4ndigkeit oder Qualit\u00e4t der bereitgestellten Informationen.\u00a0 Alle Angebote sind freibleibend und unverbindlich. Wir behalten uns vor, ohne Ank\u00fcndigung \u00c4nderungen oder Erg\u00e4nzungen der bereitgestellten Informationen oder Daten vorzunehmen. Die auf der\u00a0 Website &hellip; <\/p>\n<p class=\"link-more\"><a href=\"https:\/\/nanthai.de\/?page_id=10\" class=\"more-link\"><span class=\"screen-reader-text\">\u201eRechtliche Hinweise:\u201c<\/span> weiterlesen<\/a><\/p>\n","protected":false},"author":1,"featured_media":79,"parent":11,"menu_order":1,"comment_status":"closed","ping_status":"closed","template":"","meta":{"footnotes":""},"_links":{"self":[{"href":"https:\/\/nanthai.de\/index.php?rest_route=\/wp\/v2\/pages\/10"}],"collection":[{"href":"https:\/\/nanthai.de\/index.php?rest_route=\/wp\/v2\/pages"}],"about":[{"href":"https:\/\/nanthai.de\/index.php?rest_route=\/wp\/v2\/types\/page"}],"author":[{"embeddable":true,"href":"https:\/\/nanthai.de\/index.php?rest_route=\/wp\/v2\/users\/1"}],"replies":[{"embeddable":true,"href":"https:\/\/nanthai.de\/index.php?rest_route=%2Fwp%2Fv2%2Fcomments&post=10"}],"version-history":[{"count":5,"href":"https:\/\/nanthai.de\/index.php?rest_route=\/wp\/v2\/pages\/10\/revisions"}],"predecessor-version":[{"id":216,"href":"https:\/\/nanthai.de\/index.php?rest_route=\/wp\/v2\/pages\/10\/revisions\/216"}],"up":[{"embeddable":true,"href":"https:\/\/nanthai.de\/index.php?rest_route=\/wp\/v2\/pages\/11"}],"wp:featuredmedia":[{"embeddable":true,"href":"https:\/\/nanthai.de\/index.php?rest_route=\/wp\/v2\/media\/79"}],"wp:attachment":[{"href":"https:\/\/nanthai.de\/index.php?rest_route=%2Fwp%2Fv2%2Fmedia&parent=10"}],"curies":[{"name":"wp","href":"https:\/\/api.w.org\/{rel}","templated":true}]}}